{"id":19,"date":"2024-02-18T18:51:20","date_gmt":"2024-02-18T18:51:20","guid":{"rendered":"https:\/\/ikurs.ch\/?page_id=19"},"modified":"2025-12-26T15:35:46","modified_gmt":"2025-12-26T15:35:46","slug":"pc","status":"publish","type":"page","link":"https:\/\/ikurs.ch\/?page_id=19","title":{"rendered":"Angebot"},"content":{"rendered":"\n<p>Ich biete Ihren Liebsten einf\u00fchlsame und zuverl\u00e4ssige Entlastung in ihrem eigenen Zuhause. Ob Kochen, Haushalt, Botendienste, Besuchs- und Begleitdienste oder Unterst\u00fctzung im Alltag \u2013 mit oder ohne Pflege, tags\u00fcber oder nachts \u2013 ich bin es gewohnt, pr\u00e4sent zu sein und mit grossem Einf\u00fchlungsverm\u00f6gen zu unterst\u00fctzen.<\/p>\n\n\n\n<p><strong>Andere sagen \u00fcber mich:<\/strong><\/p>\n\n\n\n<ul>\n<li>Ich bin einf\u00fchlsam, h\u00f6re gut zu.<\/li>\n\n\n\n<li>Ich bin sehr geduldig.<\/li>\n\n\n\n<li>Ich bin eine grosse Hilfe<\/li>\n\n\n\n<li>Ich habe eine sehr angenehme Art<\/li>\n\n\n\n<li>Ich bin sehr ruhig auch in hektischen Zeiten<\/li>\n\n\n\n<li>sind beeindruckt \u00fcber meine menschlichen F\u00e4higkeiten<\/li>\n<\/ul>\n\n\n\n<p><\/p>\n","protected":false},"excerpt":{"rendered":"<p>Ich biete Ihren Liebsten einf\u00fchlsame und zuverl\u00e4ssige Entlastung in ihrem eigenen Zuhause. Ob Kochen, Haushalt, Botendienste, Besuchs- und Begleitdienste oder Unterst\u00fctzung im Alltag \u2013 mit oder ohne Pflege, tags\u00fcber oder nachts \u2013 ich bin es gewohnt, pr\u00e4sent zu sein und mit grossem Einf\u00fchlungsverm\u00f6gen zu unterst\u00fctzen. Andere sagen \u00fcber mich:<\/p>\n","protected":false},"author":1,"featured_media":0,"parent":0,"menu_order":0,"comment_status":"closed","ping_status":"closed","template":"","meta":{"footnotes":""},"_links":{"self":[{"href":"https:\/\/ikurs.ch\/index.php?rest_route=\/wp\/v2\/pages\/19"}],"collection":[{"href":"https:\/\/ikurs.ch\/index.php?rest_route=\/wp\/v2\/pages"}],"about":[{"href":"https:\/\/ikurs.ch\/index.php?rest_route=\/wp\/v2\/types\/page"}],"author":[{"embeddable":true,"href":"https:\/\/ikurs.ch\/index.php?rest_route=\/wp\/v2\/users\/1"}],"replies":[{"embeddable":true,"href":"https:\/\/ikurs.ch\/index.php?rest_route=%2Fwp%2Fv2%2Fcomments&post=19"}],"version-history":[{"count":9,"href":"https:\/\/ikurs.ch\/index.php?rest_route=\/wp\/v2\/pages\/19\/revisions"}],"predecessor-version":[{"id":118,"href":"https:\/\/ikurs.ch\/index.php?rest_route=\/wp\/v2\/pages\/19\/revisions\/118"}],"wp:attachment":[{"href":"https:\/\/ikurs.ch\/index.php?rest_route=%2Fwp%2Fv2%2Fmedia&parent=19"}],"curies":[{"name":"wp","href":"https:\/\/api.w.org\/{rel}","templated":true}]}}