{"id":23,"date":"2024-02-18T18:53:26","date_gmt":"2024-02-18T18:53:26","guid":{"rendered":"https:\/\/ikurs.ch\/?page_id=23"},"modified":"2025-12-26T17:04:00","modified_gmt":"2025-12-26T17:04:00","slug":"themen","status":"publish","type":"page","link":"https:\/\/ikurs.ch\/?page_id=23","title":{"rendered":"Erfahrung"},"content":{"rendered":"\n<p>Durch meine Ausbildung zum Fachmann Gesundheit EFZ bringe ich langj\u00e4hrige Erfahrung in der Spitex, in der Langzeitpflege (diverse Institutionen) sowie in der Palliative Care mit. Ebenso bin ich mit Mesnchen mit Demenz oder Sehbehinderung bis Blindheit unterwegs. Dieser breite Erfahrungsschatz erm\u00f6glicht es mir, in jeder Situation ruhig, schnell und situationsgerecht zu handeln. Die Zusammenarbeit mit Haus\u00e4rzten sowie mit Angeh\u00f6rigen ist mir sehr wichtig, dabei garantiere ich absolute Diskretion.<\/p>\n\n\n\n<p>Als Ferienbegleiter verf\u00fcge ich \u00fcber umfangreiche Erfahrung in der Organisation und Planung verschiedenster Ausfl\u00fcge, im Einhalten von Terminen sowie im F\u00fchren und Begleiten von Gruppen. Ich unterst\u00fctze Menschen mit und ohne Beeintr\u00e4chtigung individuell und bedarfsgerecht.<\/p>\n\n\n\n<p>Ich bin mobil mit dem eigenen Auto und es gewohnt, Unterst\u00fctzung tags\u00fcber wie auch nachts zu leisten. Eins\u00e4tze an Wochenenden sind f\u00fcr mich ebenfalls selbstverst\u00e4ndlich.<\/p>\n\n\n\n<p><\/p>\n\n\n\n<p><\/p>\n","protected":false},"excerpt":{"rendered":"<p>Durch meine Ausbildung zum Fachmann Gesundheit EFZ bringe ich langj\u00e4hrige Erfahrung in der Spitex, in der Langzeitpflege (diverse Institutionen) sowie in der Palliative Care mit. Ebenso bin ich mit Mesnchen mit Demenz oder Sehbehinderung bis Blindheit unterwegs. Dieser breite Erfahrungsschatz erm\u00f6glicht es mir, in jeder Situation ruhig, schnell und situationsgerecht zu handeln. Die Zusammenarbeit mit &hellip; <\/p>\n<p class=\"link-more\"><a href=\"https:\/\/ikurs.ch\/?page_id=23\" class=\"more-link\"><span class=\"screen-reader-text\">\u201eErfahrung\u201c<\/span> weiterlesen<\/a><\/p>\n","protected":false},"author":1,"featured_media":0,"parent":0,"menu_order":0,"comment_status":"closed","ping_status":"closed","template":"","meta":{"footnotes":""},"_links":{"self":[{"href":"https:\/\/ikurs.ch\/index.php?rest_route=\/wp\/v2\/pages\/23"}],"collection":[{"href":"https:\/\/ikurs.ch\/index.php?rest_route=\/wp\/v2\/pages"}],"about":[{"href":"https:\/\/ikurs.ch\/index.php?rest_route=\/wp\/v2\/types\/page"}],"author":[{"embeddable":true,"href":"https:\/\/ikurs.ch\/index.php?rest_route=\/wp\/v2\/users\/1"}],"replies":[{"embeddable":true,"href":"https:\/\/ikurs.ch\/index.php?rest_route=%2Fwp%2Fv2%2Fcomments&post=23"}],"version-history":[{"count":14,"href":"https:\/\/ikurs.ch\/index.php?rest_route=\/wp\/v2\/pages\/23\/revisions"}],"predecessor-version":[{"id":122,"href":"https:\/\/ikurs.ch\/index.php?rest_route=\/wp\/v2\/pages\/23\/revisions\/122"}],"wp:attachment":[{"href":"https:\/\/ikurs.ch\/index.php?rest_route=%2Fwp%2Fv2%2Fmedia&parent=23"}],"curies":[{"name":"wp","href":"https:\/\/api.w.org\/{rel}","templated":true}]}}