{"id":54,"date":"2024-02-24T16:16:53","date_gmt":"2024-02-24T16:16:53","guid":{"rendered":"https:\/\/ikurs.ch\/?page_id=54"},"modified":"2025-12-26T17:04:55","modified_gmt":"2025-12-26T17:04:55","slug":"ueber-mich","status":"publish","type":"page","link":"https:\/\/ikurs.ch\/?page_id=54","title":{"rendered":"\u00dcber Mich"},"content":{"rendered":"\n<div class=\"wp-block-media-text is-stacked-on-mobile is-vertically-aligned-top\"><figure class=\"wp-block-media-text__media\"><img loading=\"lazy\" decoding=\"async\" width=\"1024\" height=\"576\" src=\"https:\/\/ikurs.ch\/wp-content\/uploads\/2025\/12\/IMG_0337-1024x576.jpg\" alt=\"\" class=\"wp-image-106 size-full\" srcset=\"https:\/\/ikurs.ch\/wp-content\/uploads\/2025\/12\/IMG_0337-1024x576.jpg 1024w, https:\/\/ikurs.ch\/wp-content\/uploads\/2025\/12\/IMG_0337-300x169.jpg 300w, https:\/\/ikurs.ch\/wp-content\/uploads\/2025\/12\/IMG_0337-768x432.jpg 768w, https:\/\/ikurs.ch\/wp-content\/uploads\/2025\/12\/IMG_0337-1536x864.jpg 1536w, https:\/\/ikurs.ch\/wp-content\/uploads\/2025\/12\/IMG_0337-2048x1152.jpg 2048w\" sizes=\"(max-width: 706px) 89vw, (max-width: 767px) 82vw, 740px\" \/><\/figure><div class=\"wp-block-media-text__content\">\n<p><\/p>\n\n\n\n<p>Mit viel Herz und Einf\u00fchlungsverm\u00f6gen begleite ich Menschen in der Pflege sowie als private Assistenz. Ein respektvoller, achtsamer und professioneller Umgang ist f\u00fcr mich selbstverst\u00e4ndlich und bildet die Basis meiner t\u00e4glichen Arbeit.<\/p>\n\n\n\n<p>In meiner Freizeit bin ich am Lesen, Wandern, Segeln oder Yoga praktizieren.<\/p>\n<\/div><\/div>\n\n\n\n<h2 class=\"wp-block-heading\">Ausbildungen<\/h2>\n\n\n\n<p>2025 Resilienzcoach<\/p>\n\n\n\n<p>2024 Fachmann Gesundheit EFZ<\/p>\n\n\n\n<p>2018 Studiengang f\u00fcr angewandtes Coaching<\/p>\n\n\n\n<p>2003 Ausbildner mit eidg. FA<\/p>\n\n\n\n<p>1986 Informatiker EFZ<\/p>\n","protected":false},"excerpt":{"rendered":"<p>Mit viel Herz und Einf\u00fchlungsverm\u00f6gen begleite ich Menschen in der Pflege sowie als private Assistenz. Ein respektvoller, achtsamer und professioneller Umgang ist f\u00fcr mich selbstverst\u00e4ndlich und bildet die Basis meiner t\u00e4glichen Arbeit. In meiner Freizeit bin ich am Lesen, Wandern, Segeln oder Yoga praktizieren. Ausbildungen 2025 Resilienzcoach 2024 Fachmann Gesundheit EFZ 2018 Studiengang f\u00fcr angewandtes &hellip; <\/p>\n<p class=\"link-more\"><a href=\"https:\/\/ikurs.ch\/?page_id=54\" class=\"more-link\"><span class=\"screen-reader-text\">\u201e\u00dcber Mich\u201c<\/span> weiterlesen<\/a><\/p>\n","protected":false},"author":1,"featured_media":0,"parent":0,"menu_order":0,"comment_status":"closed","ping_status":"closed","template":"","meta":{"footnotes":""},"_links":{"self":[{"href":"https:\/\/ikurs.ch\/index.php?rest_route=\/wp\/v2\/pages\/54"}],"collection":[{"href":"https:\/\/ikurs.ch\/index.php?rest_route=\/wp\/v2\/pages"}],"about":[{"href":"https:\/\/ikurs.ch\/index.php?rest_route=\/wp\/v2\/types\/page"}],"author":[{"embeddable":true,"href":"https:\/\/ikurs.ch\/index.php?rest_route=\/wp\/v2\/users\/1"}],"replies":[{"embeddable":true,"href":"https:\/\/ikurs.ch\/index.php?rest_route=%2Fwp%2Fv2%2Fcomments&post=54"}],"version-history":[{"count":15,"href":"https:\/\/ikurs.ch\/index.php?rest_route=\/wp\/v2\/pages\/54\/revisions"}],"predecessor-version":[{"id":123,"href":"https:\/\/ikurs.ch\/index.php?rest_route=\/wp\/v2\/pages\/54\/revisions\/123"}],"wp:attachment":[{"href":"https:\/\/ikurs.ch\/index.php?rest_route=%2Fwp%2Fv2%2Fmedia&parent=54"}],"curies":[{"name":"wp","href":"https:\/\/api.w.org\/{rel}","templated":true}]}}